{"id":6298,"date":"2023-01-15T11:02:00","date_gmt":"2023-01-15T16:02:00","guid":{"rendered":"https:\/\/humanas.org.co\/formacionconhumanas\/?page_id=6298"},"modified":"2023-06-28T07:36:10","modified_gmt":"2023-06-28T12:36:10","slug":"salvaguardar-inicio","status":"publish","type":"page","link":"https:\/\/humanas.org.co\/formacionconhumanas\/salvaguardar-inicio\/","title":{"rendered":"Salvaguardar inicio"},"content":{"rendered":"\t\t<div data-elementor-type=\"wp-page\" data-elementor-id=\"6298\" class=\"elementor elementor-6298\" data-elementor-post-type=\"page\">\n\t\t\t\t\t\t<section class=\"elementor-section elementor-top-section elementor-element elementor-element-7fb37ea elementor-section-boxed elementor-section-height-default elementor-section-height-default\" data-id=\"7fb37ea\" data-element_type=\"section\" data-e-type=\"section\">\n\t\t\t\t\t\t<div class=\"elementor-container elementor-column-gap-default\">\n\t\t\t\t\t<div class=\"elementor-column elementor-col-100 elementor-top-column elementor-element elementor-element-e5afecc\" data-id=\"e5afecc\" data-element_type=\"column\" data-e-type=\"column\">\n\t\t\t<div class=\"elementor-widget-wrap elementor-element-populated\">\n\t\t\t\t\t\t<div class=\"elementor-element elementor-element-1b74941 elementor-widget elementor-widget-image\" data-id=\"1b74941\" data-element_type=\"widget\" data-e-type=\"widget\" data-widget_type=\"image.default\">\n\t\t\t\t<div class=\"elementor-widget-container\">\n\t\t\t\t\t\t\t\t\t\t\t\t\t\t\t<img fetchpriority=\"high\" decoding=\"async\" width=\"300\" height=\"173\" src=\"https:\/\/humanas.org.co\/formacionconhumanas\/wp-content\/uploads\/2022\/10\/Captura-de-pantalla-2021-03-02-134702-300x173-1.png\" class=\"attachment-large size-large wp-image-5475\" alt=\"\" srcset=\"https:\/\/humanas.org.co\/formacionconhumanas\/wp-content\/uploads\/2022\/10\/Captura-de-pantalla-2021-03-02-134702-300x173-1.png 300w, https:\/\/humanas.org.co\/formacionconhumanas\/wp-content\/uploads\/2022\/10\/Captura-de-pantalla-2021-03-02-134702-300x173-1-266x153.png 266w, https:\/\/humanas.org.co\/formacionconhumanas\/wp-content\/uploads\/2022\/10\/Captura-de-pantalla-2021-03-02-134702-300x173-1-299x172.png 299w\" sizes=\"(max-width: 300px) 100vw, 300px\" \/>\t\t\t\t\t\t\t\t\t\t\t\t\t\t\t<\/div>\n\t\t\t\t<\/div>\n\t\t\t\t\t<\/div>\n\t\t<\/div>\n\t\t\t\t\t<\/div>\n\t\t<\/section>\n\t\t\t\t<section class=\"elementor-section elementor-top-section elementor-element elementor-element-80517ee elementor-section-boxed elementor-section-height-default elementor-section-height-default\" data-id=\"80517ee\" data-element_type=\"section\" data-e-type=\"section\">\n\t\t\t\t\t\t<div class=\"elementor-container elementor-column-gap-default\">\n\t\t\t\t\t<div class=\"elementor-column elementor-col-100 elementor-top-column elementor-element elementor-element-188466e\" data-id=\"188466e\" data-element_type=\"column\" data-e-type=\"column\">\n\t\t\t<div class=\"elementor-widget-wrap elementor-element-populated\">\n\t\t\t\t\t\t<div class=\"elementor-element elementor-element-a059de4 elementor-widget elementor-widget-text-editor\" data-id=\"a059de4\" data-element_type=\"widget\" data-e-type=\"widget\" data-widget_type=\"text-editor.default\">\n\t\t\t\t<div class=\"elementor-widget-container\">\n\t\t\t\t\t\t\t\t\t<p>En esta secci\u00f3n encontrar\u00e1s contenido exclusivo creado para defensoras.<br \/>Selecciona el tema de tu inter\u00e9s en el bot\u00f3n desplegable, comp\u00e1rtelo, com\u00e9ntalo y descarga todas las herramientas de protecci\u00f3n y autocuidado.<\/p>\n\t\t\t\t\t\t\t\t<\/div>\n\t\t\t\t<\/div>\n\t\t\t\t\t<\/div>\n\t\t<\/div>\n\t\t\t\t\t<\/div>\n\t\t<\/section>\n\t\t\t\t<section class=\"elementor-section elementor-top-section elementor-element elementor-element-4087e0a elementor-section-boxed elementor-section-height-default elementor-section-height-default\" data-id=\"4087e0a\" data-element_type=\"section\" data-e-type=\"section\">\n\t\t\t\t\t\t<div class=\"elementor-container elementor-column-gap-default\">\n\t\t\t\t\t<div class=\"elementor-column elementor-col-100 elementor-top-column elementor-element elementor-element-8b4406d\" data-id=\"8b4406d\" data-element_type=\"column\" data-e-type=\"column\">\n\t\t\t<div class=\"elementor-widget-wrap elementor-element-populated\">\n\t\t\t\t\t\t<div class=\"elementor-element elementor-element-887d9ef elementor-grid-3 elementor-grid-tablet-2 elementor-grid-mobile-1 elementor-widget elementor-widget-portfolio\" data-id=\"887d9ef\" data-element_type=\"widget\" data-e-type=\"widget\" data-settings=\"{&quot;row_gap&quot;:{&quot;unit&quot;:&quot;px&quot;,&quot;size&quot;:4,&quot;sizes&quot;:[]},&quot;columns&quot;:&quot;3&quot;,&quot;columns_tablet&quot;:&quot;2&quot;,&quot;columns_mobile&quot;:&quot;1&quot;,&quot;item_ratio&quot;:{&quot;unit&quot;:&quot;px&quot;,&quot;size&quot;:0.66,&quot;sizes&quot;:[]},&quot;item_gap&quot;:{&quot;unit&quot;:&quot;px&quot;,&quot;size&quot;:&quot;&quot;,&quot;sizes&quot;:[]}}\" data-widget_type=\"portfolio.default\">\n\t\t\t\t<div class=\"elementor-widget-container\">\n\t\t\t\t\t\t\t<ul class=\"elementor-portfolio__filters\">\n\t\t\t<li class=\"elementor-portfolio__filter elementor-active\" tabindex=\"0\" data-filter=\"__all\">Todo<\/li>\n\t\t\t\t\t\t\t<li class=\"elementor-portfolio__filter\" tabindex=\"0\" data-filter=\"222\">Estrategias de autocuidado<\/li>\n\t\t\t\t\t\t\t<li class=\"elementor-portfolio__filter\" tabindex=\"0\" data-filter=\"223\">Fondo de emergencia<\/li>\n\t\t\t\t\t\t\t<li class=\"elementor-portfolio__filter\" tabindex=\"0\" data-filter=\"224\">Foro Virtual<\/li>\n\t\t\t\t\t\t\t<li class=\"elementor-portfolio__filter\" tabindex=\"0\" data-filter=\"225\">Galeria Fotogr\u00e1fica<\/li>\n\t\t\t\t\t\t\t<li class=\"elementor-portfolio__filter\" tabindex=\"0\" data-filter=\"226\">Herramientas de protecci\u00f3n<\/li>\n\t\t\t\t\t\t\t<li class=\"elementor-portfolio__filter\" tabindex=\"0\" data-filter=\"263\">Material de Formaci\u00f3n<\/li>\n\t\t\t\t\t\t\t<li class=\"elementor-portfolio__filter\" tabindex=\"0\" data-filter=\"227\">Podcast<\/li>\n\t\t\t\t\t<\/ul>\n\t\t\t\t<div class=\"elementor-portfolio elementor-grid elementor-posts-container\" role=\"list\">\n\t\t\t\t<article class=\"elementor-portfolio-item elementor-post elementor-filter-222 post-6612 post type-post status-publish format-standard has-post-thumbnail hentry category-defensoras tag-estrategias-de-autocuidado pmpro-has-access\" role=\"listitem\">\n\t\t\t<a class=\"elementor-post__thumbnail__link\" href=\"https:\/\/humanas.org.co\/formacionconhumanas\/como-nos-cuidamos-estrategias-de-autocuidado-para-defensoras\/\">\n\t\t\t\t<div class=\"elementor-portfolio-item__img elementor-post__thumbnail\">\n\t\t\t<img decoding=\"async\" width=\"840\" height=\"430\" src=\"https:\/\/humanas.org.co\/formacionconhumanas\/wp-content\/uploads\/2023\/01\/WhatsApp-Image-2021-07-09-at-6.39.00-PM-840x430-1.jpeg\" class=\"attachment-full size-full wp-image-6614\" alt=\"\" srcset=\"https:\/\/humanas.org.co\/formacionconhumanas\/wp-content\/uploads\/2023\/01\/WhatsApp-Image-2021-07-09-at-6.39.00-PM-840x430-1.jpeg 840w, https:\/\/humanas.org.co\/formacionconhumanas\/wp-content\/uploads\/2023\/01\/WhatsApp-Image-2021-07-09-at-6.39.00-PM-840x430-1-300x154.jpeg 300w, https:\/\/humanas.org.co\/formacionconhumanas\/wp-content\/uploads\/2023\/01\/WhatsApp-Image-2021-07-09-at-6.39.00-PM-840x430-1-768x393.jpeg 768w, https:\/\/humanas.org.co\/formacionconhumanas\/wp-content\/uploads\/2023\/01\/WhatsApp-Image-2021-07-09-at-6.39.00-PM-840x430-1-266x136.jpeg 266w, https:\/\/humanas.org.co\/formacionconhumanas\/wp-content\/uploads\/2023\/01\/WhatsApp-Image-2021-07-09-at-6.39.00-PM-840x430-1-600x307.jpeg 600w\" sizes=\"(max-width: 840px) 100vw, 840px\" \/>\t\t<\/div>\n\t\t\t\t<div class=\"elementor-portfolio-item__overlay\">\n\t\t\t\t<h3 class=\"elementor-portfolio-item__title\">\n\t\t\u00bfC\u00f3mo nos cuidamos? Estrategias de autocuidado para defensoras\t\t<\/h3>\n\t\t\t\t<\/div>\n\t\t\t\t<\/a>\n\t\t<\/article>\n\t\t\t\t<article class=\"elementor-portfolio-item elementor-post elementor-filter-226 post-170 post type-post status-publish format-standard has-post-thumbnail hentry category-defensoras tag-herramientas-de-proteccion pmpro-has-access\" role=\"listitem\">\n\t\t\t<a class=\"elementor-post__thumbnail__link\" href=\"https:\/\/humanas.org.co\/formacionconhumanas\/herramientas-de-proteccion-para-defensoras\/\">\n\t\t\t\t<div class=\"elementor-portfolio-item__img elementor-post__thumbnail\">\n\t\t\t<img decoding=\"async\" width=\"840\" height=\"430\" src=\"https:\/\/humanas.org.co\/formacionconhumanas\/wp-content\/uploads\/2015\/05\/Taller-de-Autoproteccion-Granada-24-840x430-1.jpg\" class=\"attachment-full size-full wp-image-6314\" alt=\"\" srcset=\"https:\/\/humanas.org.co\/formacionconhumanas\/wp-content\/uploads\/2015\/05\/Taller-de-Autoproteccion-Granada-24-840x430-1.jpg 840w, https:\/\/humanas.org.co\/formacionconhumanas\/wp-content\/uploads\/2015\/05\/Taller-de-Autoproteccion-Granada-24-840x430-1-300x154.jpg 300w, https:\/\/humanas.org.co\/formacionconhumanas\/wp-content\/uploads\/2015\/05\/Taller-de-Autoproteccion-Granada-24-840x430-1-768x393.jpg 768w, https:\/\/humanas.org.co\/formacionconhumanas\/wp-content\/uploads\/2015\/05\/Taller-de-Autoproteccion-Granada-24-840x430-1-266x136.jpg 266w, https:\/\/humanas.org.co\/formacionconhumanas\/wp-content\/uploads\/2015\/05\/Taller-de-Autoproteccion-Granada-24-840x430-1-600x307.jpg 600w\" sizes=\"(max-width: 840px) 100vw, 840px\" \/>\t\t<\/div>\n\t\t\t\t<div class=\"elementor-portfolio-item__overlay\">\n\t\t\t\t<h3 class=\"elementor-portfolio-item__title\">\n\t\t\u00bfC\u00f3mo nos protegemos?: herramientas de protecci\u00f3n para defensoras\t\t<\/h3>\n\t\t\t\t<\/div>\n\t\t\t\t<\/a>\n\t\t<\/article>\n\t\t\t\t<article class=\"elementor-portfolio-item elementor-post elementor-filter-223 post-6622 post type-post status-publish format-standard has-post-thumbnail hentry category-defensoras tag-fondo-de-emergencia pmpro-has-access\" role=\"listitem\">\n\t\t\t<a class=\"elementor-post__thumbnail__link\" href=\"https:\/\/humanas.org.co\/formacionconhumanas\/fondo-de-emergencia-salvaguardar-la-resistencia\/\">\n\t\t\t\t<div class=\"elementor-portfolio-item__img elementor-post__thumbnail\">\n\t\t\t<img loading=\"lazy\" decoding=\"async\" width=\"840\" height=\"430\" src=\"https:\/\/humanas.org.co\/formacionconhumanas\/wp-content\/uploads\/2023\/01\/Taller-Barometro-Antioquia-18-840x430-1.jpeg\" class=\"attachment-full size-full wp-image-6623\" alt=\"\" srcset=\"https:\/\/humanas.org.co\/formacionconhumanas\/wp-content\/uploads\/2023\/01\/Taller-Barometro-Antioquia-18-840x430-1.jpeg 840w, https:\/\/humanas.org.co\/formacionconhumanas\/wp-content\/uploads\/2023\/01\/Taller-Barometro-Antioquia-18-840x430-1-300x154.jpeg 300w, https:\/\/humanas.org.co\/formacionconhumanas\/wp-content\/uploads\/2023\/01\/Taller-Barometro-Antioquia-18-840x430-1-768x393.jpeg 768w, https:\/\/humanas.org.co\/formacionconhumanas\/wp-content\/uploads\/2023\/01\/Taller-Barometro-Antioquia-18-840x430-1-266x136.jpeg 266w, https:\/\/humanas.org.co\/formacionconhumanas\/wp-content\/uploads\/2023\/01\/Taller-Barometro-Antioquia-18-840x430-1-600x307.jpeg 600w\" sizes=\"(max-width: 840px) 100vw, 840px\" \/>\t\t<\/div>\n\t\t\t\t<div class=\"elementor-portfolio-item__overlay\">\n\t\t\t\t<h3 class=\"elementor-portfolio-item__title\">\n\t\tFondo de emergencia: Salvaguardar la Resistencia\t\t<\/h3>\n\t\t\t\t<\/div>\n\t\t\t\t<\/a>\n\t\t<\/article>\n\t\t\t\t<article class=\"elementor-portfolio-item elementor-post elementor-filter-225 post-6643 post type-post status-publish format-standard has-post-thumbnail hentry category-defensoras tag-galeria-fotografica pmpro-has-access\" role=\"listitem\">\n\t\t\t<a class=\"elementor-post__thumbnail__link\" href=\"https:\/\/humanas.org.co\/formacionconhumanas\/galeria-fotografica\/\">\n\t\t\t\t<div class=\"elementor-portfolio-item__img elementor-post__thumbnail\">\n\t\t\t<img loading=\"lazy\" decoding=\"async\" width=\"840\" height=\"430\" src=\"https:\/\/humanas.org.co\/formacionconhumanas\/wp-content\/uploads\/2023\/01\/WhatsApp-Image-2021-07-09-at-6.29.10-PM-840x430-1.jpeg\" class=\"attachment-full size-full wp-image-6644\" alt=\"\" srcset=\"https:\/\/humanas.org.co\/formacionconhumanas\/wp-content\/uploads\/2023\/01\/WhatsApp-Image-2021-07-09-at-6.29.10-PM-840x430-1.jpeg 840w, https:\/\/humanas.org.co\/formacionconhumanas\/wp-content\/uploads\/2023\/01\/WhatsApp-Image-2021-07-09-at-6.29.10-PM-840x430-1-300x154.jpeg 300w, https:\/\/humanas.org.co\/formacionconhumanas\/wp-content\/uploads\/2023\/01\/WhatsApp-Image-2021-07-09-at-6.29.10-PM-840x430-1-768x393.jpeg 768w, https:\/\/humanas.org.co\/formacionconhumanas\/wp-content\/uploads\/2023\/01\/WhatsApp-Image-2021-07-09-at-6.29.10-PM-840x430-1-266x136.jpeg 266w, https:\/\/humanas.org.co\/formacionconhumanas\/wp-content\/uploads\/2023\/01\/WhatsApp-Image-2021-07-09-at-6.29.10-PM-840x430-1-600x307.jpeg 600w\" sizes=\"(max-width: 840px) 100vw, 840px\" \/>\t\t<\/div>\n\t\t\t\t<div class=\"elementor-portfolio-item__overlay\">\n\t\t\t\t<h3 class=\"elementor-portfolio-item__title\">\n\t\tGaler\u00eda Fotogr\u00e1fica\t\t<\/h3>\n\t\t\t\t<\/div>\n\t\t\t\t<\/a>\n\t\t<\/article>\n\t\t\t\t<article class=\"elementor-portfolio-item elementor-post elementor-filter-263 post-8107 post type-post status-publish format-standard has-post-thumbnail hentry category-defensoras tag-material-de-formacion pmpro-has-access\" role=\"listitem\">\n\t\t\t<a class=\"elementor-post__thumbnail__link\" href=\"https:\/\/humanas.org.co\/formacionconhumanas\/material-de-formacion\/\">\n\t\t\t\t<div class=\"elementor-portfolio-item__img elementor-post__thumbnail\">\n\t\t\t<img loading=\"lazy\" decoding=\"async\" width=\"670\" height=\"433\" src=\"https:\/\/humanas.org.co\/formacionconhumanas\/wp-content\/uploads\/2023\/06\/Captura-de-pantalla-2023-06-28-101625.png\" class=\"attachment-full size-full wp-image-8133\" alt=\"\" srcset=\"https:\/\/humanas.org.co\/formacionconhumanas\/wp-content\/uploads\/2023\/06\/Captura-de-pantalla-2023-06-28-101625.png 670w, https:\/\/humanas.org.co\/formacionconhumanas\/wp-content\/uploads\/2023\/06\/Captura-de-pantalla-2023-06-28-101625-300x194.png 300w, https:\/\/humanas.org.co\/formacionconhumanas\/wp-content\/uploads\/2023\/06\/Captura-de-pantalla-2023-06-28-101625-266x172.png 266w, https:\/\/humanas.org.co\/formacionconhumanas\/wp-content\/uploads\/2023\/06\/Captura-de-pantalla-2023-06-28-101625-600x388.png 600w\" sizes=\"(max-width: 670px) 100vw, 670px\" \/>\t\t<\/div>\n\t\t\t\t<div class=\"elementor-portfolio-item__overlay\">\n\t\t\t\t<h3 class=\"elementor-portfolio-item__title\">\n\t\tMaterial de Formaci\u00f3n\t\t<\/h3>\n\t\t\t\t<\/div>\n\t\t\t\t<\/a>\n\t\t<\/article>\n\t\t\t\t<article class=\"elementor-portfolio-item elementor-post elementor-filter-227 post-6656 post type-post status-publish format-standard has-post-thumbnail hentry category-defensoras tag-podcast pmpro-has-access\" role=\"listitem\">\n\t\t\t<a class=\"elementor-post__thumbnail__link\" href=\"https:\/\/humanas.org.co\/formacionconhumanas\/podcast-para-defensoras\/\">\n\t\t\t\t<div class=\"elementor-portfolio-item__img elementor-post__thumbnail\">\n\t\t\t<img loading=\"lazy\" decoding=\"async\" width=\"548\" height=\"418\" src=\"https:\/\/humanas.org.co\/formacionconhumanas\/wp-content\/uploads\/2023\/01\/Ondas-Sororas.png\" class=\"attachment-full size-full wp-image-6657\" alt=\"\" srcset=\"https:\/\/humanas.org.co\/formacionconhumanas\/wp-content\/uploads\/2023\/01\/Ondas-Sororas.png 548w, https:\/\/humanas.org.co\/formacionconhumanas\/wp-content\/uploads\/2023\/01\/Ondas-Sororas-300x229.png 300w, https:\/\/humanas.org.co\/formacionconhumanas\/wp-content\/uploads\/2023\/01\/Ondas-Sororas-266x203.png 266w\" sizes=\"(max-width: 548px) 100vw, 548px\" \/>\t\t<\/div>\n\t\t\t\t<div class=\"elementor-portfolio-item__overlay\">\n\t\t\t\t<h3 class=\"elementor-portfolio-item__title\">\n\t\tPodcast para defensoras\t\t<\/h3>\n\t\t\t\t<\/div>\n\t\t\t\t<\/a>\n\t\t<\/article>\n\t\t\t\t<article class=\"elementor-portfolio-item elementor-post elementor-filter-224 post-6637 post type-post status-publish format-standard has-post-thumbnail hentry category-defensoras tag-foro-virtual pmpro-has-access\" role=\"listitem\">\n\t\t\t<a class=\"elementor-post__thumbnail__link\" href=\"https:\/\/humanas.org.co\/formacionconhumanas\/tertuliar-para-salvaguardar-la-resistencia\/\">\n\t\t\t\t<div class=\"elementor-portfolio-item__img elementor-post__thumbnail\">\n\t\t\t<img loading=\"lazy\" decoding=\"async\" width=\"840\" height=\"430\" src=\"https:\/\/humanas.org.co\/formacionconhumanas\/wp-content\/uploads\/2023\/01\/Presentacion-plataforma-Istmina-y-Medio-San-Juan-37-1-840x430-1.jpg\" class=\"attachment-full size-full wp-image-6638\" alt=\"\" srcset=\"https:\/\/humanas.org.co\/formacionconhumanas\/wp-content\/uploads\/2023\/01\/Presentacion-plataforma-Istmina-y-Medio-San-Juan-37-1-840x430-1.jpg 840w, https:\/\/humanas.org.co\/formacionconhumanas\/wp-content\/uploads\/2023\/01\/Presentacion-plataforma-Istmina-y-Medio-San-Juan-37-1-840x430-1-300x154.jpg 300w, https:\/\/humanas.org.co\/formacionconhumanas\/wp-content\/uploads\/2023\/01\/Presentacion-plataforma-Istmina-y-Medio-San-Juan-37-1-840x430-1-768x393.jpg 768w, https:\/\/humanas.org.co\/formacionconhumanas\/wp-content\/uploads\/2023\/01\/Presentacion-plataforma-Istmina-y-Medio-San-Juan-37-1-840x430-1-266x136.jpg 266w, https:\/\/humanas.org.co\/formacionconhumanas\/wp-content\/uploads\/2023\/01\/Presentacion-plataforma-Istmina-y-Medio-San-Juan-37-1-840x430-1-600x307.jpg 600w\" sizes=\"(max-width: 840px) 100vw, 840px\" \/>\t\t<\/div>\n\t\t\t\t<div class=\"elementor-portfolio-item__overlay\">\n\t\t\t\t<h3 class=\"elementor-portfolio-item__title\">\n\t\tTertuliar para salvaguardar la resistencia\t\t<\/h3>\n\t\t\t\t<\/div>\n\t\t\t\t<\/a>\n\t\t<\/article>\n\t\t\t\t<\/div>\n\t\t\t\t\t\t<\/div>\n\t\t\t\t<\/div>\n\t\t\t\t\t<\/div>\n\t\t<\/div>\n\t\t\t\t\t<\/div>\n\t\t<\/section>\n\t\t<div class=\"elementor-element elementor-element-8fa1e34 e-flex e-con-boxed e-con e-parent\" data-id=\"8fa1e34\" data-element_type=\"container\" data-e-type=\"container\">\n\t\t\t\t\t<div class=\"e-con-inner\">\n\t\t\t\t<div class=\"elementor-element elementor-element-02655e0 elementor-widget elementor-widget-spacer\" data-id=\"02655e0\" data-element_type=\"widget\" data-e-type=\"widget\" data-widget_type=\"spacer.default\">\n\t\t\t\t<div class=\"elementor-widget-container\">\n\t\t\t\t\t\t\t<div class=\"elementor-spacer\">\n\t\t\t<div class=\"elementor-spacer-inner\"><\/div>\n\t\t<\/div>\n\t\t\t\t\t\t<\/div>\n\t\t\t\t<\/div>\n\t\t\t\t\t<\/div>\n\t\t\t\t<\/div>\n\t\t\t\t<\/div>\n\t\t","protected":false},"excerpt":{"rendered":"<p>En esta secci\u00f3n encontrar\u00e1s contenido exclusivo creado para defensoras.Selecciona el tema de tu inter\u00e9s en el bot\u00f3n desplegable, comp\u00e1rtelo, com\u00e9ntalo y descarga todas las herramientas de protecci\u00f3n y autocuidado.<\/p>\n","protected":false},"author":1,"featured_media":0,"parent":0,"menu_order":0,"comment_status":"closed","ping_status":"closed","template":"","meta":{"pmpro_default_level":"","footnotes":""},"class_list":["post-6298","page","type-page","status-publish","hentry","pmpro-has-access"],"_links":{"self":[{"href":"https:\/\/humanas.org.co\/formacionconhumanas\/wp-json\/wp\/v2\/pages\/6298","targetHints":{"allow":["GET"]}}],"collection":[{"href":"https:\/\/humanas.org.co\/formacionconhumanas\/wp-json\/wp\/v2\/pages"}],"about":[{"href":"https:\/\/humanas.org.co\/formacionconhumanas\/wp-json\/wp\/v2\/types\/page"}],"author":[{"embeddable":true,"href":"https:\/\/humanas.org.co\/formacionconhumanas\/wp-json\/wp\/v2\/users\/1"}],"replies":[{"embeddable":true,"href":"https:\/\/humanas.org.co\/formacionconhumanas\/wp-json\/wp\/v2\/comments?post=6298"}],"version-history":[{"count":51,"href":"https:\/\/humanas.org.co\/formacionconhumanas\/wp-json\/wp\/v2\/pages\/6298\/revisions"}],"predecessor-version":[{"id":8084,"href":"https:\/\/humanas.org.co\/formacionconhumanas\/wp-json\/wp\/v2\/pages\/6298\/revisions\/8084"}],"wp:attachment":[{"href":"https:\/\/humanas.org.co\/formacionconhumanas\/wp-json\/wp\/v2\/media?parent=6298"}],"curies":[{"name":"wp","href":"https:\/\/api.w.org\/{rel}","templated":true}]}}