{"id":6955,"date":"2023-02-27T07:39:56","date_gmt":"2023-02-27T12:39:56","guid":{"rendered":"https:\/\/humanas.org.co\/formacionconhumanas\/?page_id=6955"},"modified":"2023-06-08T14:03:10","modified_gmt":"2023-06-08T19:03:10","slug":"privacidad-osc","status":"publish","type":"page","link":"https:\/\/humanas.org.co\/formacionconhumanas\/privacidad-osc\/","title":{"rendered":"Pol\u00edtica de privacidad y uso de datos personales OSC"},"content":{"rendered":"\t\t<div data-elementor-type=\"wp-page\" data-elementor-id=\"6955\" class=\"elementor elementor-6955\" data-elementor-post-type=\"page\">\n\t\t\t\t\t\t<section class=\"elementor-section elementor-top-section elementor-element elementor-element-1305b35 elementor-section-boxed elementor-section-height-default elementor-section-height-default\" data-id=\"1305b35\" data-element_type=\"section\" data-e-type=\"section\">\n\t\t\t\t\t\t<div class=\"elementor-container elementor-column-gap-default\">\n\t\t\t\t\t<div class=\"elementor-column elementor-col-100 elementor-top-column elementor-element elementor-element-203294d\" data-id=\"203294d\" data-element_type=\"column\" data-e-type=\"column\">\n\t\t\t<div class=\"elementor-widget-wrap elementor-element-populated\">\n\t\t\t\t\t\t<div class=\"elementor-element elementor-element-6ae5911 elementor-widget elementor-widget-heading\" data-id=\"6ae5911\" data-element_type=\"widget\" data-e-type=\"widget\" data-widget_type=\"heading.default\">\n\t\t\t\t<div class=\"elementor-widget-container\">\n\t\t\t\t\t<h2 class=\"elementor-heading-title elementor-size-default\">Pol\u00edtica de privacidad<\/h2>\t\t\t\t<\/div>\n\t\t\t\t<\/div>\n\t\t\t\t\t<\/div>\n\t\t<\/div>\n\t\t\t\t\t<\/div>\n\t\t<\/section>\n\t\t\t\t<section class=\"elementor-section elementor-top-section elementor-element elementor-element-84dba7a elementor-section-boxed elementor-section-height-default elementor-section-height-default\" data-id=\"84dba7a\" data-element_type=\"section\" data-e-type=\"section\">\n\t\t\t\t\t\t<div class=\"elementor-container elementor-column-gap-default\">\n\t\t\t\t\t<div class=\"elementor-column elementor-col-100 elementor-top-column elementor-element elementor-element-2cb6898\" data-id=\"2cb6898\" data-element_type=\"column\" data-e-type=\"column\">\n\t\t\t<div class=\"elementor-widget-wrap elementor-element-populated\">\n\t\t\t\t\t\t<div class=\"elementor-element elementor-element-dabbd1a elementor-widget elementor-widget-template\" data-id=\"dabbd1a\" data-element_type=\"widget\" data-e-type=\"widget\" data-widget_type=\"template.default\">\n\t\t\t\t<div class=\"elementor-widget-container\">\n\t\t\t\t\t\t\t<div class=\"elementor-template\">\n\t\t\t\t\t<div data-elementor-type=\"section\" data-elementor-id=\"6915\" class=\"elementor elementor-6915\" data-elementor-post-type=\"elementor_library\">\n\t\t\t\t\t<section class=\"elementor-section elementor-top-section elementor-element elementor-element-1f364f70 elementor-section-boxed elementor-section-height-default elementor-section-height-default\" data-id=\"1f364f70\" data-element_type=\"section\" data-e-type=\"section\">\n\t\t\t\t\t\t\t<div class=\"elementor-background-overlay\"><\/div>\n\t\t\t\t\t\t\t<div class=\"elementor-container elementor-column-gap-default\">\n\t\t\t\t\t<div class=\"elementor-column elementor-col-100 elementor-top-column elementor-element elementor-element-590ce29d\" data-id=\"590ce29d\" data-element_type=\"column\" data-e-type=\"column\">\n\t\t\t<div class=\"elementor-widget-wrap elementor-element-populated\">\n\t\t\t\t\t\t<div class=\"elementor-element elementor-element-231599fc elementor-nav-menu__align-center elementor-nav-menu--dropdown-none elementor-widget elementor-widget-nav-menu\" data-id=\"231599fc\" data-element_type=\"widget\" data-e-type=\"widget\" data-settings=\"{&quot;layout&quot;:&quot;horizontal&quot;,&quot;submenu_icon&quot;:{&quot;value&quot;:&quot;&lt;svg aria-hidden=\\&quot;true\\&quot; class=\\&quot;e-font-icon-svg e-fas-caret-down\\&quot; viewBox=\\&quot;0 0 320 512\\&quot; xmlns=\\&quot;http:\\\/\\\/www.w3.org\\\/2000\\\/svg\\&quot;&gt;&lt;path d=\\&quot;M31.3 192h257.3c17.8 0 26.7 21.5 14.1 34.1L174.1 354.8c-7.8 7.8-20.5 7.8-28.3 0L17.2 226.1C4.6 213.5 13.5 192 31.3 192z\\&quot;&gt;&lt;\\\/path&gt;&lt;\\\/svg&gt;&quot;,&quot;library&quot;:&quot;fa-solid&quot;}}\" data-widget_type=\"nav-menu.default\">\n\t\t\t\t<div class=\"elementor-widget-container\">\n\t\t\t\t\t\t\t\t<nav aria-label=\"Men\u00fa\" class=\"elementor-nav-menu--main elementor-nav-menu__container elementor-nav-menu--layout-horizontal e--pointer-background e--animation-grow\">\n\t\t\t\t<ul id=\"menu-1-231599fc\" class=\"elementor-nav-menu\"><li class=\"menu-item menu-item-type-custom menu-item-object-custom menu-item-6895\"><a href=\"https:\/\/humanas.org.co\/formacionconhumanas\/mentoring-osc\/\" class=\"elementor-item\">Inicio<\/a><\/li>\n<li class=\"menu-item menu-item-type-post_type menu-item-object-page menu-item-6896\"><a href=\"https:\/\/humanas.org.co\/formacionconhumanas\/banco-de-preguntas\/\" class=\"elementor-item\">Banco de preguntas<\/a><\/li>\n<li class=\"menu-item menu-item-type-post_type menu-item-object-page menu-item-6894\"><a href=\"https:\/\/humanas.org.co\/formacionconhumanas\/biblioteca-virtual\/\" class=\"elementor-item\">Biblioteca virtual<\/a><\/li>\n<li class=\"menu-item menu-item-type-post_type menu-item-object-page menu-item-6893\"><a href=\"https:\/\/humanas.org.co\/formacionconhumanas\/tutoras\/\" class=\"elementor-item\">Tutoras<\/a><\/li>\n<li class=\"menu-item menu-item-type-post_type menu-item-object-page menu-item-6906\"><a href=\"https:\/\/humanas.org.co\/formacionconhumanas\/novedades-osc\/\" class=\"elementor-item\">Novedades OSC<\/a><\/li>\n<li class=\"menu-item menu-item-type-post_type menu-item-object-page menu-item-6903\"><a href=\"https:\/\/humanas.org.co\/formacionconhumanas\/contacto-osc\/\" class=\"elementor-item\">Cont\u00e1ctenos<\/a><\/li>\n<li class=\"menu-item menu-item-type-post_type menu-item-object-page menu-item-7972\"><a href=\"https:\/\/humanas.org.co\/formacionconhumanas\/ayuda-mentoring-juridico-osc\/\" class=\"elementor-item\">Ayuda<\/a><\/li>\n<\/ul>\t\t\t<\/nav>\n\t\t\t\t\t\t<nav class=\"elementor-nav-menu--dropdown elementor-nav-menu__container\" aria-hidden=\"true\">\n\t\t\t\t<ul id=\"menu-2-231599fc\" class=\"elementor-nav-menu\"><li class=\"menu-item menu-item-type-custom menu-item-object-custom menu-item-6895\"><a href=\"https:\/\/humanas.org.co\/formacionconhumanas\/mentoring-osc\/\" class=\"elementor-item\" tabindex=\"-1\">Inicio<\/a><\/li>\n<li class=\"menu-item menu-item-type-post_type menu-item-object-page menu-item-6896\"><a href=\"https:\/\/humanas.org.co\/formacionconhumanas\/banco-de-preguntas\/\" class=\"elementor-item\" tabindex=\"-1\">Banco de preguntas<\/a><\/li>\n<li class=\"menu-item menu-item-type-post_type menu-item-object-page menu-item-6894\"><a href=\"https:\/\/humanas.org.co\/formacionconhumanas\/biblioteca-virtual\/\" class=\"elementor-item\" tabindex=\"-1\">Biblioteca virtual<\/a><\/li>\n<li class=\"menu-item menu-item-type-post_type menu-item-object-page menu-item-6893\"><a href=\"https:\/\/humanas.org.co\/formacionconhumanas\/tutoras\/\" class=\"elementor-item\" tabindex=\"-1\">Tutoras<\/a><\/li>\n<li class=\"menu-item menu-item-type-post_type menu-item-object-page menu-item-6906\"><a href=\"https:\/\/humanas.org.co\/formacionconhumanas\/novedades-osc\/\" class=\"elementor-item\" tabindex=\"-1\">Novedades OSC<\/a><\/li>\n<li class=\"menu-item menu-item-type-post_type menu-item-object-page menu-item-6903\"><a href=\"https:\/\/humanas.org.co\/formacionconhumanas\/contacto-osc\/\" class=\"elementor-item\" tabindex=\"-1\">Cont\u00e1ctenos<\/a><\/li>\n<li class=\"menu-item menu-item-type-post_type menu-item-object-page menu-item-7972\"><a href=\"https:\/\/humanas.org.co\/formacionconhumanas\/ayuda-mentoring-juridico-osc\/\" class=\"elementor-item\" tabindex=\"-1\">Ayuda<\/a><\/li>\n<\/ul>\t\t\t<\/nav>\n\t\t\t\t\t\t<\/div>\n\t\t\t\t<\/div>\n\t\t<div class=\"elementor-element elementor-element-08cd096 e-con-full e-flex elementor-invisible e-con e-parent\" data-id=\"08cd096\" data-element_type=\"container\" data-e-type=\"container\" data-settings=\"{&quot;animation&quot;:&quot;fadeInUp&quot;}\">\n\t\t\t\t<div class=\"elementor-element elementor-element-b6e7fe8 elementor-position-inline-end elementor-view-default elementor-mobile-position-block-start elementor-widget elementor-widget-icon-box\" data-id=\"b6e7fe8\" data-element_type=\"widget\" data-e-type=\"widget\" data-widget_type=\"icon-box.default\">\n\t\t\t\t<div class=\"elementor-widget-container\">\n\t\t\t\t\t\t\t<div class=\"elementor-icon-box-wrapper\">\n\n\t\t\t\t\t\t<div class=\"elementor-icon-box-icon\">\n\t\t\t\t<a href=\"https:\/\/chat.whatsapp.com\/BVvqs8WeuHsE1IW3AtcNha\" class=\"elementor-icon\" tabindex=\"-1\" aria-label=\"\u00danase al grupo\">\n\t\t\t\t<svg aria-hidden=\"true\" class=\"e-font-icon-svg e-fab-whatsapp\" viewBox=\"0 0 448 512\" xmlns=\"http:\/\/www.w3.org\/2000\/svg\"><path d=\"M380.9 97.1C339 55.1 283.2 32 223.9 32c-122.4 0-222 99.6-222 222 0 39.1 10.2 77.3 29.6 111L0 480l117.7-30.9c32.4 17.7 68.9 27 106.1 27h.1c122.3 0 224.1-99.6 224.1-222 0-59.3-25.2-115-67.1-157zm-157 341.6c-33.2 0-65.7-8.9-94-25.7l-6.7-4-69.8 18.3L72 359.2l-4.4-7c-18.5-29.4-28.2-63.3-28.2-98.2 0-101.7 82.8-184.5 184.6-184.5 49.3 0 95.6 19.2 130.4 54.1 34.8 34.9 56.2 81.2 56.1 130.5 0 101.8-84.9 184.6-186.6 184.6zm101.2-138.2c-5.5-2.8-32.8-16.2-37.9-18-5.1-1.9-8.8-2.8-12.5 2.8-3.7 5.6-14.3 18-17.6 21.8-3.2 3.7-6.5 4.2-12 1.4-32.6-16.3-54-29.1-75.5-66-5.7-9.8 5.7-9.1 16.3-30.3 1.8-3.7.9-6.9-.5-9.7-1.4-2.8-12.5-30.1-17.1-41.2-4.5-10.8-9.1-9.3-12.5-9.5-3.2-.2-6.9-.2-10.6-.2-3.7 0-9.7 1.4-14.8 6.9-5.1 5.6-19.4 19-19.4 46.3 0 27.3 19.9 53.7 22.6 57.4 2.8 3.7 39.1 59.7 94.8 83.8 35.2 15.2 49 16.5 66.6 13.9 10.7-1.6 32.8-13.4 37.4-26.4 4.6-13 4.6-24.1 3.2-26.4-1.3-2.5-5-3.9-10.5-6.6z\"><\/path><\/svg>\t\t\t\t<\/a>\n\t\t\t<\/div>\n\t\t\t\n\t\t\t\t\t\t<div class=\"elementor-icon-box-content\">\n\n\t\t\t\t\t\t\t\t\t<h3 class=\"elementor-icon-box-title\">\n\t\t\t\t\t\t<a href=\"https:\/\/chat.whatsapp.com\/BVvqs8WeuHsE1IW3AtcNha\" >\n\t\t\t\t\t\t\t\u00danase al grupo\t\t\t\t\t\t<\/a>\n\t\t\t\t\t<\/h3>\n\t\t\t\t\n\t\t\t\t\n\t\t\t<\/div>\n\t\t\t\n\t\t<\/div>\n\t\t\t\t\t\t<\/div>\n\t\t\t\t<\/div>\n\t\t\t\t<\/div>\n\t\t\t\t\t<\/div>\n\t\t<\/div>\n\t\t\t\t\t<\/div>\n\t\t<\/section>\n\t\t\t\t<\/div>\n\t\t\t\t<\/div>\n\t\t\t\t\t\t<\/div>\n\t\t\t\t<\/div>\n\t\t\t\t\t<\/div>\n\t\t<\/div>\n\t\t\t\t\t<\/div>\n\t\t<\/section>\n\t\t\t\t<section class=\"elementor-section elementor-top-section elementor-element elementor-element-88d0d80 elementor-section-boxed elementor-section-height-default elementor-section-height-default\" data-id=\"88d0d80\" data-element_type=\"section\" data-e-type=\"section\">\n\t\t\t\t\t\t<div class=\"elementor-container elementor-column-gap-default\">\n\t\t\t\t\t<div class=\"elementor-column elementor-col-100 elementor-top-column elementor-element elementor-element-40cbbe7\" data-id=\"40cbbe7\" data-element_type=\"column\" data-e-type=\"column\">\n\t\t\t<div class=\"elementor-widget-wrap elementor-element-populated\">\n\t\t\t\t\t\t<div class=\"elementor-element elementor-element-9a39334 elementor-widget elementor-widget-image\" data-id=\"9a39334\" data-element_type=\"widget\" data-e-type=\"widget\" data-widget_type=\"image.default\">\n\t\t\t\t<div class=\"elementor-widget-container\">\n\t\t\t\t\t\t\t\t\t\t\t\t\t\t\t<img decoding=\"async\" width=\"300\" height=\"119\" src=\"https:\/\/humanas.org.co\/formacionconhumanas\/wp-content\/uploads\/2023\/02\/LOGO-MENTORING-300x119.jpg\" class=\"attachment-medium size-medium wp-image-6952\" alt=\"\" srcset=\"https:\/\/humanas.org.co\/formacionconhumanas\/wp-content\/uploads\/2023\/02\/LOGO-MENTORING-300x119.jpg 300w, https:\/\/humanas.org.co\/formacionconhumanas\/wp-content\/uploads\/2023\/02\/LOGO-MENTORING-768x306.jpg 768w, https:\/\/humanas.org.co\/formacionconhumanas\/wp-content\/uploads\/2023\/02\/LOGO-MENTORING-997x397.jpg 997w, https:\/\/humanas.org.co\/formacionconhumanas\/wp-content\/uploads\/2023\/02\/LOGO-MENTORING-290x115.jpg 290w, https:\/\/humanas.org.co\/formacionconhumanas\/wp-content\/uploads\/2023\/02\/LOGO-MENTORING-266x106.jpg 266w, https:\/\/humanas.org.co\/formacionconhumanas\/wp-content\/uploads\/2023\/02\/LOGO-MENTORING-200x79.jpg 200w, https:\/\/humanas.org.co\/formacionconhumanas\/wp-content\/uploads\/2023\/02\/LOGO-MENTORING.jpg 1000w\" sizes=\"(max-width: 300px) 100vw, 300px\" \/>\t\t\t\t\t\t\t\t\t\t\t\t\t\t\t<\/div>\n\t\t\t\t<\/div>\n\t\t\t\t\t<\/div>\n\t\t<\/div>\n\t\t\t\t\t<\/div>\n\t\t<\/section>\n\t\t\t\t<section class=\"elementor-section elementor-top-section elementor-element elementor-element-781ec3c elementor-section-boxed elementor-section-height-default elementor-section-height-default\" data-id=\"781ec3c\" data-element_type=\"section\" data-e-type=\"section\">\n\t\t\t\t\t\t<div class=\"elementor-container elementor-column-gap-default\">\n\t\t\t\t\t<div class=\"elementor-column elementor-col-100 elementor-top-column elementor-element elementor-element-123c0aa\" data-id=\"123c0aa\" data-element_type=\"column\" data-e-type=\"column\">\n\t\t\t<div class=\"elementor-widget-wrap elementor-element-populated\">\n\t\t\t\t\t\t<div class=\"elementor-element elementor-element-4a09d450 elementor-widget elementor-widget-text-editor\" data-id=\"4a09d450\" data-element_type=\"widget\" data-e-type=\"widget\" data-widget_type=\"text-editor.default\">\n\t\t\t\t<div class=\"elementor-widget-container\">\n\t\t\t\t\t\t\t\t\t<p>Proteger su privacidad es importante para nosotros, y estamos comprometidos a garantizar que su informaci\u00f3n personal est\u00e9 segura y protegida. Esta Pol\u00edtica de privacidad describe c\u00f3mo recopilamos, usamos, divulgamos y almacenamos sus datos personales en el Mentoring Jur\u00eddico y Psicosocial para Organizaciones de la Sociedad Civil cuando usted acepta registrarse en la plataforma de formaci\u00f3n con Humanas (https:\/\/humanas.org.co\/formacionconhumanas) y especialmente en algun curso que forme parte de esta plataforma.<\/p>\n<p>\u00a0<\/p>\n<p><b>Recopilaci\u00f3n de informaci\u00f3n personal:<br \/><\/b>Recopilamos su informaci\u00f3n personal cuando se registra en nuestro servicio de Mentoring Jur\u00eddico y Psicosocial. Esta informaci\u00f3n puede incluir su nombre, direcci\u00f3n de correo electr\u00f3nico, n\u00famero de tel\u00e9fono y otra informaci\u00f3n relevante para brindarle nuestros servicios.<\/p>\n<p>\u00a0<\/p>\n<p><b>Uso de informaci\u00f3n personal:<br \/><\/b>Podemos usar su informaci\u00f3n personal para contactarlo con respecto a actualizaciones e informaci\u00f3n relacionada con nuestros servicios y todo lo relacionado con el Mentoring Jur\u00eddico y Psicosocial para Organizaciones de la Sociedad Civil. No venderemos ni compartiremos su informaci\u00f3n personal con terceros para fines de marketing sin su consentimiento expl\u00edcito.<\/p>\n<p>\u00a0<\/p>\n<p><b>Divulgaci\u00f3n de informaci\u00f3n personal:<br \/><\/b>Podemos divulgar su informaci\u00f3n personal a proveedores de servicios externos que nos ayudan a brindar nuestros servicios, como nuestros proveedores de alojamiento y procesamiento de pagos. Nos aseguramos de que cualquier proveedor de servicios externo que tenga acceso a su informaci\u00f3n personal cumpla con las leyes de protecci\u00f3n de datos y tome las medidas de seguridad adecuadas para proteger su informaci\u00f3n.<\/p>\n<p>\u00a0<\/p>\n<p><b>Sus derechos:<br \/><\/b>Tiene derecho a acceder, corregir o eliminar su informaci\u00f3n personal. Tambi\u00e9n puede oponerse al procesamiento de esta informaci\u00f3n y puede retirar su consentimiento para que la usemos en cualquier momento, comunic\u00e1ndose con nosotros a trav\u00e9s de la siguiente direcci\u00f3n de correo electr\u00f3nico:\u00a0<a href=\"mailto:mentoring@humanas.org.co\" target=\"_blank\" rel=\"noopener\">mentoring@humanas.org.co<\/a>.<\/p>\n<p>\u00a0<\/p>\n<p><b>Entidad Responsable de esta Pol\u00edtica de Privacidad:<br \/><\/b>La entidad responsable de esta pol\u00edtica de privacidad y tratamiento de datos es la Corporaci\u00f3n Humanas, una organizaci\u00f3n sin fines de lucro registrada en Colombia bajo el n\u00famero NIT 9000321208, con domicilio social en CARRERA 7 33 49 OFICINA 201 en la ciudad de Bogot\u00e1.<\/p>\n<p>\u00a0<\/p>\n<p><b>Transferencia internacional de datos:<br \/><\/b>Al utilizar nuestros servicios, usted comprende y acepta que su informaci\u00f3n personal pueda ser transferida y procesada en pa\u00edses fuera de su jurisdicci\u00f3n. Tomaremos las medidas necesarias para garantizar que cualquier transferencia de datos internacional cumpla con las leyes aplicables de protecci\u00f3n de datos.<\/p>\n<p>\u00a0<\/p>\n<p><b>Cambios a esta Pol\u00edtica de Privacidad:<br \/><\/b>Nos reservamos el derecho de actualizar esta Pol\u00edtica de Privacidad en cualquier momento. Cualquier cambio a esta Pol\u00edtica se publicar\u00e1 en nuestro sitio web y entrar\u00e1 en vigencia al momento de la publicaci\u00f3n. Su uso continuado de la plataforma Formaci\u00f3n con Humanas y el Mentoring Jur\u00eddico y Psicosocial, despu\u00e9s de cualquier cambio en esta Pol\u00edtica de privacidad, constituye su aceptaci\u00f3n de los cambios.<\/p>\n<p>\u00a0<\/p>\n<p><b>Cont\u00e1ctenos:<br \/><\/b>Si tiene alguna pregunta o inquietud sobre esta Pol\u00edtica de privacidad o el uso que hacemos de su informaci\u00f3n personal, comun\u00edquese con nosotros a trav\u00e9s de la siguiente direcci\u00f3n de correo electr\u00f3nico:\u00a0<a href=\"mailto:mentoring@humanas.org.co\" target=\"_blank\" rel=\"noopener\">mentoring@humanas.org.co<\/a>\u00a0Estaremos encantados de ayudarle y responder a sus consultas.<\/p>\n<p>Actualizada. Febrero 12 de 2023<\/p>\n\t\t\t\t\t\t\t\t<\/div>\n\t\t\t\t<\/div>\n\t\t\t\t\t<\/div>\n\t\t<\/div>\n\t\t\t\t\t<\/div>\n\t\t<\/section>\n\t\t\t\t<\/div>\n\t\t","protected":false},"excerpt":{"rendered":"<p>Pol\u00edtica de privacidad Proteger su privacidad es importante para nosotros, y estamos comprometidos a garantizar que su informaci\u00f3n personal est\u00e9 segura y protegida. Esta Pol\u00edtica de privacidad describe c\u00f3mo recopilamos, usamos, divulgamos y almacenamos sus datos personales en el Mentoring Jur\u00eddico y Psicosocial para Organizaciones de la Sociedad Civil cuando usted acepta registrarse en la [&hellip;]<\/p>\n","protected":false},"author":1,"featured_media":0,"parent":0,"menu_order":0,"comment_status":"closed","ping_status":"closed","template":"elementor_header_footer","meta":{"pmpro_default_level":"","footnotes":""},"class_list":["post-6955","page","type-page","status-publish","hentry","pmpro-has-access"],"_links":{"self":[{"href":"https:\/\/humanas.org.co\/formacionconhumanas\/wp-json\/wp\/v2\/pages\/6955","targetHints":{"allow":["GET"]}}],"collection":[{"href":"https:\/\/humanas.org.co\/formacionconhumanas\/wp-json\/wp\/v2\/pages"}],"about":[{"href":"https:\/\/humanas.org.co\/formacionconhumanas\/wp-json\/wp\/v2\/types\/page"}],"author":[{"embeddable":true,"href":"https:\/\/humanas.org.co\/formacionconhumanas\/wp-json\/wp\/v2\/users\/1"}],"replies":[{"embeddable":true,"href":"https:\/\/humanas.org.co\/formacionconhumanas\/wp-json\/wp\/v2\/comments?post=6955"}],"version-history":[{"count":19,"href":"https:\/\/humanas.org.co\/formacionconhumanas\/wp-json\/wp\/v2\/pages\/6955\/revisions"}],"predecessor-version":[{"id":7993,"href":"https:\/\/humanas.org.co\/formacionconhumanas\/wp-json\/wp\/v2\/pages\/6955\/revisions\/7993"}],"wp:attachment":[{"href":"https:\/\/humanas.org.co\/formacionconhumanas\/wp-json\/wp\/v2\/media?parent=6955"}],"curies":[{"name":"wp","href":"https:\/\/api.w.org\/{rel}","templated":true}]}}