{"id":7333,"date":"2023-03-23T15:47:09","date_gmt":"2023-03-23T20:47:09","guid":{"rendered":"https:\/\/humanas.org.co\/formacionconhumanas\/?page_id=7333"},"modified":"2023-03-23T16:06:37","modified_gmt":"2023-03-23T21:06:37","slug":"cursos","status":"publish","type":"page","link":"https:\/\/humanas.org.co\/formacionconhumanas\/cursos\/","title":{"rendered":"Cursos"},"content":{"rendered":"\t\t<div data-elementor-type=\"wp-page\" data-elementor-id=\"7333\" class=\"elementor elementor-7333\" data-elementor-post-type=\"page\">\n\t\t\t\t\t\t<section class=\"elementor-section elementor-top-section elementor-element elementor-element-1780b72 elementor-section-boxed elementor-section-height-default elementor-section-height-default\" data-id=\"1780b72\" data-element_type=\"section\" data-e-type=\"section\">\n\t\t\t\t\t\t<div class=\"elementor-container elementor-column-gap-default\">\n\t\t\t\t\t<div class=\"elementor-column elementor-col-100 elementor-top-column elementor-element elementor-element-2944490\" data-id=\"2944490\" data-element_type=\"column\" data-e-type=\"column\">\n\t\t\t<div class=\"elementor-widget-wrap elementor-element-populated\">\n\t\t\t\t\t\t<div class=\"elementor-element elementor-element-f8cd673 elementor-widget elementor-widget-heading\" data-id=\"f8cd673\" data-element_type=\"widget\" data-e-type=\"widget\" data-widget_type=\"heading.default\">\n\t\t\t\t<div class=\"elementor-widget-container\">\n\t\t\t\t\t<h2 class=\"elementor-heading-title elementor-size-default\">Cursos disponibles<\/h2>\t\t\t\t<\/div>\n\t\t\t\t<\/div>\n\t\t\t\t\t<\/div>\n\t\t<\/div>\n\t\t\t\t\t<\/div>\n\t\t<\/section>\n\t\t\t\t<section class=\"elementor-section elementor-top-section elementor-element elementor-element-c7ea802 elementor-section-boxed elementor-section-height-default elementor-section-height-default\" data-id=\"c7ea802\" data-element_type=\"section\" data-e-type=\"section\">\n\t\t\t\t\t\t<div class=\"elementor-container elementor-column-gap-default\">\n\t\t\t\t\t<div class=\"elementor-column elementor-col-100 elementor-top-column elementor-element elementor-element-91fcef5\" data-id=\"91fcef5\" data-element_type=\"column\" data-e-type=\"column\">\n\t\t\t<div class=\"elementor-widget-wrap elementor-element-populated\">\n\t\t\t\t\t\t<div class=\"elementor-element elementor-element-1dc8249 elementor-widget elementor-widget-text-editor\" data-id=\"1dc8249\" data-element_type=\"widget\" data-e-type=\"widget\" data-widget_type=\"text-editor.default\">\n\t\t\t\t<div class=\"elementor-widget-container\">\n\t\t\t\t\t\t\t\t\t<p>\u00a0En esta secci\u00f3n encuentra la oferta disponible de cursos enfocados en distintas violencias de g\u00e9nero. Nuestros cursos est\u00e1n dise\u00f1ados para brindarte herramientas y conocimientos para prevenir y combatir la violencia de g\u00e9nero en todas sus formas.<\/p>\n\t\t\t\t\t\t\t\t<\/div>\n\t\t\t\t<\/div>\n\t\t\t\t\t<\/div>\n\t\t<\/div>\n\t\t\t\t\t<\/div>\n\t\t<\/section>\n\t\t\t\t<section class=\"elementor-section elementor-top-section elementor-element elementor-element-b0b3c1f elementor-section-boxed elementor-section-height-default elementor-section-height-default\" data-id=\"b0b3c1f\" data-element_type=\"section\" data-e-type=\"section\">\n\t\t\t\t\t\t<div class=\"elementor-container elementor-column-gap-default\">\n\t\t\t\t\t<div class=\"elementor-column elementor-col-100 elementor-top-column elementor-element elementor-element-8baadc4\" data-id=\"8baadc4\" data-element_type=\"column\" data-e-type=\"column\">\n\t\t\t<div class=\"elementor-widget-wrap elementor-element-populated\">\n\t\t\t\t\t\t<div class=\"elementor-element elementor-element-fba39fc elementor-widget elementor-widget-stm_lms_courses_grid\" data-id=\"fba39fc\" data-element_type=\"widget\" data-e-type=\"widget\" data-widget_type=\"stm_lms_courses_grid.default\">\n\t\t\t\t<div class=\"elementor-widget-container\">\n\t\t\t\t\t\n<div class=\"stm_lms_courses_grid stm_lms_courses\">\n\n\t<div class=\"stm_lms_courses_grid__top hidden\">\n\t\t<div class=\"stm_lms_courses_grid__counter\">\n\t\t\t\t\t\t\t<h3>\n\t\t\t\t\tTotal: <strong>12 cursos<\/strong>\t\t\t\t\t<a class=\"stm_lms_courses_grid__all\" href=\"https:\/\/humanas.org.co\/formacionconhumanas\/courses\/\">\n\t\t\t\t\t\tVer todo\t\t\t\t\t<\/a>\n\t\t\t\t<\/h3>\n\t\t\t\t\t<\/div>\n\t\t<div class=\"stm_lms_courses_grid__sort heading_font stm_lms_grid_sort_module hidden\"\n\t\t\t\tdata-text=\"Ordenar por:\">\n\t\t\t<select class=\"no-search\">\n\t\t\t\t<option value=\"date_high\">Fecha de lanzamiento (los m\u00e1s recientes primero)<\/option>\n\t\t\t\t<option value=\"date_low\">Fecha de lanzamiento (los m\u00e1s antiguos primero)<\/option>\n\t\t\t\t\t\t\t\t<option value=\"popular\">Popular (lo m\u00e1s visto)<\/option>\n\t\t\t<\/select>\n\t\t<\/div>\n\t<\/div>\n\n\t\t\t\t\t<div class=\"stm_lms_courses__grid stm_lms_courses__grid_3 stm_lms_courses__grid_center  stm_lms_courses__grid_found_4\"\n\t\tdata-pages=\"1\">\n\t\n\t\n<div class=\"stm_lms_courses__single stm_lms_courses__single_animation no-sale style_1 \">\n\n\t<div class=\"stm_lms_courses__single__inner\">\n\n\t\t\n<div class=\"stm_lms_courses__single--image\">\n\n\t\t<div class=\"featured-course-container\">\n\t\t\t<\/div>\n\t\n\t<a href=\"https:\/\/humanas.org.co\/formacionconhumanas\/courses\/protesta-social\/\"\n\tclass=\"heading_font\"\n\tdata-preview=\"Vista previa de este curso\">\n\t\t<div class=\"stm_lms_courses__single--image__container\" data-height=160px>\n\t\t\t<img decoding=\"async\" src=\"https:\/\/humanas.org.co\/formacionconhumanas\/wp-content\/uploads\/2023\/01\/WhatsApp-Image-2021-10-15-at-2.46.04-PM-e1679366402467.jpeg\" class=\"\">\t\t<\/div>\n\t<\/a>\n\n<\/div>\n\n\t\t<div class=\"stm_lms_courses__single--inner\">\n\n\t\t\t\n\t<div class=\"stm_lms_courses__single--terms\">\n\t\t<div class=\"stm_lms_courses__single--term\">\n\t\t\tProtesta Social\t\t<\/div>\n\t<\/div>\n\n\t\t\t<div class=\"stm_lms_courses__single--title\">\n\t<a href=\"https:\/\/humanas.org.co\/formacionconhumanas\/courses\/protesta-social\/\">\n\t\t<h5>Protesta social<\/h5>\n\t<\/a>\n<\/div>\n\t\t\t\t\t\t\t<div class=\"stm_lms_courses__single--meta\">\n\t\t\t\t\t\n\n\t\t\t\t\t\t\t<div class=\"stm_lms_courses__single--price heading_font\">\n\t\t<strong>Gratis<\/strong>\n\t<\/div>\n\t\t\t\t\t<\/div>\n\t\t\t\t\n\t\t<\/div>\n\n\t\t\n<div class=\"stm_lms_courses__single--info\">\n\t\t\t<div class=\"stm_lms_courses__single--info_author\">\n\t\t\t<div class=\"stm_lms_courses__single--info_author__avatar\">\n\t\t\t\t<img alt='' src='https:\/\/humanas.org.co\/formacionconhumanas\/wp-content\/uploads\/avatars\/1\/1693577186-bpfull.png' class='avatar avatar-215 photo' height='215' width='215' \/>\t\t\t<\/div>\n\t\t\t<div class=\"stm_lms_courses__single--info_author__login\">\n\t\t\t\tCorporaci\u00f3n Humanas\t\t\t<\/div>\n\t\t<\/div>\n\t\n\t<div class=\"stm_lms_courses__single--info_title\">\n\t\t<a href=\"https:\/\/humanas.org.co\/formacionconhumanas\/courses\/protesta-social\/\">\n\t\t\t<h4>Protesta social<\/h4>\n\t\t<\/a>\n\t<\/div>\n\n\t<div class=\"stm_lms_courses__single--info_rate\">\n\n\t\t\n\t\t\n\t<\/div>\n\n\t<div class=\"stm_lms_courses__single--info_excerpt\">\n\t\tObjetivo Comprender los retos del acompa\u00f1amiento y representaci\u00f3n de las violencias basadas en g\u00e9nero en el marco de la protesta social e identific...\t<\/div>\n\n\t<div class=\"stm_lms_courses__single--info_meta\">\n\t\t\n\t<div class=\"stm_lms_course__meta\">\n\t\t<i class=\"stmlms-cats\"><\/i>\n\t\t9 Conferencias\t<\/div>\n\n\t<\/div>\n\n\t<div class=\"stm_lms_courses__single--info_preview\">\n\t\t<a href=\"https:\/\/humanas.org.co\/formacionconhumanas\/courses\/protesta-social\/\" title=\"Protesta social\" class=\"heading_font\">\n\t\t\tVista previa de este curso\t\t<\/a>\n\t<\/div>\n\n\t<div class=\"stm_lms_courses__single--info_bottom\">\n\t\t\t<div class=\"stm-lms-wishlist\">\n\t\t<a href=\"https:\/\/humanas.org.co\/formacionconhumanas\/cuenta-del-usuario\/\">\n\t\t\t<i class=\"stmlms-heart-3\"><\/i>\n\t\t\t<span>A\u00f1adir a la lista de deseos<\/span>\n\t\t<\/a>\n\t<\/div>\n\t\n\t\t\t<div class=\"stm_lms_courses__single--price heading_font\">\n\t\t<strong>Gratis<\/strong>\n\t<\/div>\n\t\t<\/div>\n\n\n<\/div>\n\n\t<\/div>\n\n<\/div>\n\n<div class=\"stm_lms_courses__single stm_lms_courses__single_animation no-sale style_1 \">\n\n\t<div class=\"stm_lms_courses__single__inner\">\n\n\t\t\n<div class=\"stm_lms_courses__single--image\">\n\n\t\t<div class=\"featured-course-container\">\n\t\t\t<\/div>\n\t\n\t<a href=\"https:\/\/humanas.org.co\/formacionconhumanas\/courses\/diversidad-sexual-y-lgbt\/\"\n\tclass=\"heading_font\"\n\tdata-preview=\"Vista previa de este curso\">\n\t\t<div class=\"stm_lms_courses__single--image__container\" data-height=160px>\n\t\t\t<img decoding=\"async\" src=\"https:\/\/humanas.org.co\/formacionconhumanas\/wp-content\/uploads\/2023\/01\/Foto-desde-la-montana-2.jpg\" class=\"\">\t\t<\/div>\n\t<\/a>\n\n<\/div>\n\n\t\t<div class=\"stm_lms_courses__single--inner\">\n\n\t\t\t\n\t<div class=\"stm_lms_courses__single--terms\">\n\t\t<div class=\"stm_lms_courses__single--term\">\n\t\t\tDiversidad sexual y de g\u00e9nero\t\t<\/div>\n\t<\/div>\n\n\t\t\t<div class=\"stm_lms_courses__single--title\">\n\t<a href=\"https:\/\/humanas.org.co\/formacionconhumanas\/courses\/diversidad-sexual-y-lgbt\/\">\n\t\t<h5>Diversidad sexual y de g\u00e9nero. Una mirada socio jur\u00eddica a los derechos de las personas LGBT.<\/h5>\n\t<\/a>\n<\/div>\n\t\t\t\t\t\t\t<div class=\"stm_lms_courses__single--meta\">\n\t\t\t\t\t\n\n\t\t\t\t\t\t\t<div class=\"stm_lms_courses__single--price heading_font\">\n\t\t<strong>Gratis<\/strong>\n\t<\/div>\n\t\t\t\t\t<\/div>\n\t\t\t\t\n\t\t<\/div>\n\n\t\t\n<div class=\"stm_lms_courses__single--info\">\n\t\t\t<div class=\"stm_lms_courses__single--info_author\">\n\t\t\t<div class=\"stm_lms_courses__single--info_author__avatar\">\n\t\t\t\t<img alt='' src='https:\/\/humanas.org.co\/formacionconhumanas\/wp-content\/uploads\/avatars\/1\/1693577186-bpfull.png' class='avatar avatar-215 photo' height='215' width='215' \/>\t\t\t<\/div>\n\t\t\t<div class=\"stm_lms_courses__single--info_author__login\">\n\t\t\t\tCorporaci\u00f3n Humanas\t\t\t<\/div>\n\t\t<\/div>\n\t\n\t<div class=\"stm_lms_courses__single--info_title\">\n\t\t<a href=\"https:\/\/humanas.org.co\/formacionconhumanas\/courses\/diversidad-sexual-y-lgbt\/\">\n\t\t\t<h4>Diversidad sexual y de g\u00e9nero. Una mirada socio jur\u00eddica a los derechos de las personas LGBT.<\/h4>\n\t\t<\/a>\n\t<\/div>\n\n\t<div class=\"stm_lms_courses__single--info_rate\">\n\n\t\t\n\t\t\n\t<\/div>\n\n\t<div class=\"stm_lms_courses__single--info_excerpt\">\n\t\tEn este m\u00f3dulo podr\u00e1s explorar cuatro ejes tem\u00e1ticos muy importantes: Nociones conceptuales sobre la diversidad sexual y de g\u00e9nero; \u00bfQu\u00e9 es la viol...\t<\/div>\n\n\t<div class=\"stm_lms_courses__single--info_meta\">\n\t\t\n\t<div class=\"stm_lms_course__meta\">\n\t\t<i class=\"stmlms-cats\"><\/i>\n\t\t21 Conferencias\t<\/div>\n\n\t<\/div>\n\n\t<div class=\"stm_lms_courses__single--info_preview\">\n\t\t<a href=\"https:\/\/humanas.org.co\/formacionconhumanas\/courses\/diversidad-sexual-y-lgbt\/\" title=\"Diversidad sexual y de g\u00e9nero. Una mirada socio jur\u00eddica a los derechos de las personas LGBT.\" class=\"heading_font\">\n\t\t\tVista previa de este curso\t\t<\/a>\n\t<\/div>\n\n\t<div class=\"stm_lms_courses__single--info_bottom\">\n\t\t\t<div class=\"stm-lms-wishlist\">\n\t\t<a href=\"https:\/\/humanas.org.co\/formacionconhumanas\/cuenta-del-usuario\/\">\n\t\t\t<i class=\"stmlms-heart-3\"><\/i>\n\t\t\t<span>A\u00f1adir a la lista de deseos<\/span>\n\t\t<\/a>\n\t<\/div>\n\t\n\t\t\t<div class=\"stm_lms_courses__single--price heading_font\">\n\t\t<strong>Gratis<\/strong>\n\t<\/div>\n\t\t<\/div>\n\n\n<\/div>\n\n\t<\/div>\n\n<\/div>\n\n<div class=\"stm_lms_courses__single stm_lms_courses__single_animation no-sale style_1 \">\n\n\t<div class=\"stm_lms_courses__single__inner\">\n\n\t\t\n<div class=\"stm_lms_courses__single--image\">\n\n\t\t<div class=\"featured-course-container\">\n\t\t\t<\/div>\n\t\n\t<a href=\"https:\/\/humanas.org.co\/formacionconhumanas\/courses\/ataques-con-agentes-quimicos\/\"\n\tclass=\"heading_font\"\n\tdata-preview=\"Vista previa de este curso\">\n\t\t<div class=\"stm_lms_courses__single--image__container\" data-height=160px>\n\t\t\t<img decoding=\"async\" src=\"https:\/\/humanas.org.co\/formacionconhumanas\/wp-content\/uploads\/2023\/01\/Sin-titulo-1.png\" class=\"\">\t\t<\/div>\n\t<\/a>\n\n<\/div>\n\n\t\t<div class=\"stm_lms_courses__single--inner\">\n\n\t\t\t\n\t<div class=\"stm_lms_courses__single--terms\">\n\t\t<div class=\"stm_lms_courses__single--term\">\n\t\t\tAtaques con agentes qu\u00edmicos\t\t<\/div>\n\t<\/div>\n\n\t\t\t<div class=\"stm_lms_courses__single--title\">\n\t<a href=\"https:\/\/humanas.org.co\/formacionconhumanas\/courses\/ataques-con-agentes-quimicos\/\">\n\t\t<h5>Ataques con agentes qu\u00edmicos<\/h5>\n\t<\/a>\n<\/div>\n\t\t\t\t\t\t\t<div class=\"stm_lms_courses__single--meta\">\n\t\t\t\t\t\n\n\t\t\t\t\t\t\t<div class=\"stm_lms_courses__single--price heading_font\">\n\t\t<strong>Gratis<\/strong>\n\t<\/div>\n\t\t\t\t\t<\/div>\n\t\t\t\t\n\t\t<\/div>\n\n\t\t\n<div class=\"stm_lms_courses__single--info\">\n\t\t\t<div class=\"stm_lms_courses__single--info_author\">\n\t\t\t<div class=\"stm_lms_courses__single--info_author__avatar\">\n\t\t\t\t<img alt='' src='https:\/\/humanas.org.co\/formacionconhumanas\/wp-content\/uploads\/avatars\/1\/1693577186-bpfull.png' class='avatar avatar-215 photo' height='215' width='215' \/>\t\t\t<\/div>\n\t\t\t<div class=\"stm_lms_courses__single--info_author__login\">\n\t\t\t\tCorporaci\u00f3n Humanas\t\t\t<\/div>\n\t\t<\/div>\n\t\n\t<div class=\"stm_lms_courses__single--info_title\">\n\t\t<a href=\"https:\/\/humanas.org.co\/formacionconhumanas\/courses\/ataques-con-agentes-quimicos\/\">\n\t\t\t<h4>Ataques con agentes qu\u00edmicos<\/h4>\n\t\t<\/a>\n\t<\/div>\n\n\t<div class=\"stm_lms_courses__single--info_rate\">\n\n\t\t\n\t\t\n\t<\/div>\n\n\t<div class=\"stm_lms_courses__single--info_excerpt\">\n\t\tPodr\u00e1s explorar los ataques con agentes qu\u00edmicos como una forma de violencia basada en g\u00e9nero (VBG). Objetivo Reconocer los ataques con agentes qu\u00ed...\t<\/div>\n\n\t<div class=\"stm_lms_courses__single--info_meta\">\n\t\t\n\t<div class=\"stm_lms_course__meta\">\n\t\t<i class=\"stmlms-cats\"><\/i>\n\t\t9 Conferencias\t<\/div>\n\n\t<\/div>\n\n\t<div class=\"stm_lms_courses__single--info_preview\">\n\t\t<a href=\"https:\/\/humanas.org.co\/formacionconhumanas\/courses\/ataques-con-agentes-quimicos\/\" title=\"Ataques con agentes qu\u00edmicos\" class=\"heading_font\">\n\t\t\tVista previa de este curso\t\t<\/a>\n\t<\/div>\n\n\t<div class=\"stm_lms_courses__single--info_bottom\">\n\t\t\t<div class=\"stm-lms-wishlist\">\n\t\t<a href=\"https:\/\/humanas.org.co\/formacionconhumanas\/cuenta-del-usuario\/\">\n\t\t\t<i class=\"stmlms-heart-3\"><\/i>\n\t\t\t<span>A\u00f1adir a la lista de deseos<\/span>\n\t\t<\/a>\n\t<\/div>\n\t\n\t\t\t<div class=\"stm_lms_courses__single--price heading_font\">\n\t\t<strong>Gratis<\/strong>\n\t<\/div>\n\t\t<\/div>\n\n\n<\/div>\n\n\t<\/div>\n\n<\/div>\n\n<div class=\"stm_lms_courses__single stm_lms_courses__single_animation no-sale style_1 \">\n\n\t<div class=\"stm_lms_courses__single__inner\">\n\n\t\t\n<div class=\"stm_lms_courses__single--image\">\n\n\t\t<div class=\"featured-course-container\">\n\t\t\t<\/div>\n\t\n\t<a href=\"https:\/\/humanas.org.co\/formacionconhumanas\/courses\/vbg\/\"\n\tclass=\"heading_font\"\n\tdata-preview=\"Vista previa de este curso\">\n\t\t<div class=\"stm_lms_courses__single--image__container\" data-height=160px>\n\t\t\t<img decoding=\"async\" src=\"https:\/\/humanas.org.co\/formacionconhumanas\/wp-content\/uploads\/2023\/01\/VBG-Humanas.jpg\" class=\"\">\t\t<\/div>\n\t<\/a>\n\n<\/div>\n\n\t\t<div class=\"stm_lms_courses__single--inner\">\n\n\t\t\t\n\t<div class=\"stm_lms_courses__single--terms\">\n\t\t<div class=\"stm_lms_courses__single--term\">\n\t\t\tViolencia basada en g\u00e9nero\t\t<\/div>\n\t<\/div>\n\n\t\t\t<div class=\"stm_lms_courses__single--title\">\n\t<a href=\"https:\/\/humanas.org.co\/formacionconhumanas\/courses\/vbg\/\">\n\t\t<h5>Herramientas jur\u00eddicas y psicosociales en los casos de violencia basada en g\u00e9nero<\/h5>\n\t<\/a>\n<\/div>\n\t\t\t\t\t\t\t<div class=\"stm_lms_courses__single--meta\">\n\t\t\t\t\t\n\n\t\t\t\t\t\t\t<div class=\"stm_lms_courses__single--price heading_font\">\n\t\t<strong>Gratis<\/strong>\n\t<\/div>\n\t\t\t\t\t<\/div>\n\t\t\t\t\n\t\t<\/div>\n\n\t\t\n<div class=\"stm_lms_courses__single--info\">\n\t\t\t<div class=\"stm_lms_courses__single--info_author\">\n\t\t\t<div class=\"stm_lms_courses__single--info_author__avatar\">\n\t\t\t\t<img alt='' src='https:\/\/humanas.org.co\/formacionconhumanas\/wp-content\/uploads\/avatars\/1\/1693577186-bpfull.png' class='avatar avatar-215 photo' height='215' width='215' \/>\t\t\t<\/div>\n\t\t\t<div class=\"stm_lms_courses__single--info_author__login\">\n\t\t\t\tCorporaci\u00f3n Humanas\t\t\t<\/div>\n\t\t<\/div>\n\t\n\t<div class=\"stm_lms_courses__single--info_title\">\n\t\t<a href=\"https:\/\/humanas.org.co\/formacionconhumanas\/courses\/vbg\/\">\n\t\t\t<h4>Herramientas jur\u00eddicas y psicosociales en los casos de violencia basada en g\u00e9nero<\/h4>\n\t\t<\/a>\n\t<\/div>\n\n\t<div class=\"stm_lms_courses__single--info_rate\">\n\n\t\t\n\t\t\n\t<\/div>\n\n\t<div class=\"stm_lms_courses__single--info_excerpt\">\n\t\tBienvenidas y bienvenidos al curso de &#8220;Herramientas jur\u00eddicas y psicosociales en los casos de violencia basada en g\u00e9nero&#8221;. Este curso e...\t<\/div>\n\n\t<div class=\"stm_lms_courses__single--info_meta\">\n\t\t\n\t<div class=\"stm_lms_course__meta\">\n\t\t<i class=\"stmlms-cats\"><\/i>\n\t\t35 Conferencias\t<\/div>\n\n\t<\/div>\n\n\t<div class=\"stm_lms_courses__single--info_preview\">\n\t\t<a href=\"https:\/\/humanas.org.co\/formacionconhumanas\/courses\/vbg\/\" title=\"Herramientas jur\u00eddicas y psicosociales en los casos de violencia basada en g\u00e9nero\" class=\"heading_font\">\n\t\t\tVista previa de este curso\t\t<\/a>\n\t<\/div>\n\n\t<div class=\"stm_lms_courses__single--info_bottom\">\n\t\t\t<div class=\"stm-lms-wishlist\">\n\t\t<a href=\"https:\/\/humanas.org.co\/formacionconhumanas\/cuenta-del-usuario\/\">\n\t\t\t<i class=\"stmlms-heart-3\"><\/i>\n\t\t\t<span>A\u00f1adir a la lista de deseos<\/span>\n\t\t<\/a>\n\t<\/div>\n\t\n\t\t\t<div class=\"stm_lms_courses__single--price heading_font\">\n\t\t<strong>Gratis<\/strong>\n\t<\/div>\n\t\t<\/div>\n\n\n<\/div>\n\n\t<\/div>\n\n<\/div>\n\t\t<\/div>\n\n\t<div class=\"hidden\">\n\t\t\n<div class=\"text-center\">\n\t<a href=\"#\"\n\t\tclass=\"btn btn-default stm_lms_load_more_courses\"\n\t\tdata-offset=\"1\"\n\t\tdata-url=\"\"\n\t\tdata-args='{\"per_row\":\"3\",\"include_link\":true,\"tax_query\":[{\"taxonomy\":\"stm_lms_course_taxonomy\",\"field\":\"term_id\",\"terms\":[\"107\",\"214\",\"215\",\"217\"]}],\"image_size\":\"completo\",\"course_card_style\":\"style_1\",\"course_card_info\":\"center\",\"img_container_height\":\"160\"}'>\n\t\t<span>Cargar m\u00e1s<\/span>\n\t<\/a>\n<\/div>\n\t<\/div>\n\n<\/div>\n\t\t\t\t<\/div>\n\t\t\t\t<\/div>\n\t\t\t\t\t<\/div>\n\t\t<\/div>\n\t\t\t\t\t<\/div>\n\t\t<\/section>\n\t\t\t\t<\/div>\n\t\t","protected":false},"excerpt":{"rendered":"<p>Cursos disponibles \u00a0En esta secci\u00f3n encuentra la oferta disponible de cursos enfocados en distintas violencias de g\u00e9nero. Nuestros cursos est\u00e1n dise\u00f1ados para brindarte herramientas y conocimientos para prevenir y combatir la violencia de g\u00e9nero en todas sus formas. Total: 11 cursos Ver todo Fecha de lanzamiento (los m\u00e1s recientes primero)Fecha de lanzamiento (los m\u00e1s antiguos [&hellip;]<\/p>\n","protected":false},"author":1,"featured_media":0,"parent":0,"menu_order":0,"comment_status":"closed","ping_status":"closed","template":"","meta":{"pmpro_default_level":"","footnotes":""},"class_list":["post-7333","page","type-page","status-publish","hentry","pmpro-has-access"],"_links":{"self":[{"href":"https:\/\/humanas.org.co\/formacionconhumanas\/wp-json\/wp\/v2\/pages\/7333","targetHints":{"allow":["GET"]}}],"collection":[{"href":"https:\/\/humanas.org.co\/formacionconhumanas\/wp-json\/wp\/v2\/pages"}],"about":[{"href":"https:\/\/humanas.org.co\/formacionconhumanas\/wp-json\/wp\/v2\/types\/page"}],"author":[{"embeddable":true,"href":"https:\/\/humanas.org.co\/formacionconhumanas\/wp-json\/wp\/v2\/users\/1"}],"replies":[{"embeddable":true,"href":"https:\/\/humanas.org.co\/formacionconhumanas\/wp-json\/wp\/v2\/comments?post=7333"}],"version-history":[{"count":10,"href":"https:\/\/humanas.org.co\/formacionconhumanas\/wp-json\/wp\/v2\/pages\/7333\/revisions"}],"predecessor-version":[{"id":7345,"href":"https:\/\/humanas.org.co\/formacionconhumanas\/wp-json\/wp\/v2\/pages\/7333\/revisions\/7345"}],"wp:attachment":[{"href":"https:\/\/humanas.org.co\/formacionconhumanas\/wp-json\/wp\/v2\/media?parent=7333"}],"curies":[{"name":"wp","href":"https:\/\/api.w.org\/{rel}","templated":true}]}}